{"id":1051,"date":"2023-07-21T14:36:50","date_gmt":"2023-07-21T12:36:50","guid":{"rendered":"https:\/\/dev.healthfactory.io\/?page_id=1051"},"modified":"2023-07-25T15:11:28","modified_gmt":"2023-07-25T13:11:28","slug":"platform-experimentation","status":"publish","type":"page","link":"https:\/\/healthfactory.io\/en\/platform-experimentation\/","title":{"rendered":"PLATFORM EXPERIMENTATION"},"content":{"rendered":"<div data-elementor-type=\"wp-page\" data-elementor-id=\"1051\" class=\"elementor elementor-1051\" data-elementor-post-type=\"page\">\n\t\t\t\t<div class=\"elementor-element elementor-element-b6eb408 e-con-full e-flex e-con e-parent\" data-id=\"b6eb408\" data-element_type=\"container\" data-settings=\"{&quot;background_background&quot;:&quot;classic&quot;}\">\n\t\t\t\t<div class=\"elementor-element elementor-element-08f19a4 elementor-widget elementor-widget-heading\" data-id=\"08f19a4\" data-element_type=\"widget\" data-widget_type=\"heading.default\">\n\t\t\t\t<div class=\"elementor-widget-container\">\n\t\t\t<style>\/*! elementor - v3.21.0 - 26-05-2024 *\/\n.elementor-heading-title{padding:0;margin:0;line-height:1}.elementor-widget-heading .elementor-heading-title[class*=elementor-size-]>a{color:inherit;font-size:inherit;line-height:inherit}.elementor-widget-heading .elementor-heading-title.elementor-size-small{font-size:15px}.elementor-widget-heading .elementor-heading-title.elementor-size-medium{font-size:19px}.elementor-widget-heading .elementor-heading-title.elementor-size-large{font-size:29px}.elementor-widget-heading .elementor-heading-title.elementor-size-xl{font-size:39px}.elementor-widget-heading .elementor-heading-title.elementor-size-xxl{font-size:59px}<\/style><h2 class=\"elementor-heading-title elementor-size-default\">EXPERIMENT<\/h2>\t\t<\/div>\n\t\t\t\t<\/div>\n\t\t\t\t<\/div>\n\t\t<div class=\"elementor-element elementor-element-bddf114 e-flex e-con-boxed e-con e-parent\" data-id=\"bddf114\" data-element_type=\"container\" data-settings=\"{&quot;background_background&quot;:&quot;classic&quot;}\">\n\t\t\t\t\t<div class=\"e-con-inner\">\n\t\t\t\t<div class=\"elementor-element elementor-element-05266a7 elementor-widget elementor-widget-heading\" data-id=\"05266a7\" data-element_type=\"widget\" data-widget_type=\"heading.default\">\n\t\t\t\t<div class=\"elementor-widget-container\">\n\t\t\t<h2 class=\"elementor-heading-title elementor-size-default\">EXPERIMENTATION PLATFORM\n<\/h2>\t\t<\/div>\n\t\t\t\t<\/div>\n\t\t\t\t<div class=\"elementor-element elementor-element-7576a7b elementor-widget-mobile__width-initial elementor-widget elementor-widget-text-editor\" data-id=\"7576a7b\" data-element_type=\"widget\" data-widget_type=\"text-editor.default\">\n\t\t\t\t<div class=\"elementor-widget-container\">\n\t\t\t<style>\/*! elementor - v3.21.0 - 26-05-2024 *\/\n.elementor-widget-text-editor.elementor-drop-cap-view-stacked .elementor-drop-cap{background-color:#69727d;color:#fff}.elementor-widget-text-editor.elementor-drop-cap-view-framed .elementor-drop-cap{color:#69727d;border:3px solid;background-color:transparent}.elementor-widget-text-editor:not(.elementor-drop-cap-view-default) .elementor-drop-cap{margin-top:8px}.elementor-widget-text-editor:not(.elementor-drop-cap-view-default) .elementor-drop-cap-letter{width:1em;height:1em}.elementor-widget-text-editor .elementor-drop-cap{float:left;text-align:center;line-height:1;font-size:50px}.elementor-widget-text-editor .elementor-drop-cap-letter{display:inline-block}<\/style>\t\t\t\t<p style=\"text-align: justify;\">physical platform (hospital unit, pharmacy, GP offices, patient\u2019s home, ...) and digital platform (API, services, datasets, ...) to test and measure feedback to validate innovations on the field with healthcare stakeholders<\/p>\t\t\t\t\t\t<\/div>\n\t\t\t\t<\/div>\n\t\t\t\t<div class=\"elementor-element elementor-element-03193ee elementor-widget elementor-widget-button\" data-id=\"03193ee\" data-element_type=\"widget\" data-widget_type=\"button.default\">\n\t\t\t\t<div class=\"elementor-widget-container\">\n\t\t\t\t\t<div class=\"elementor-button-wrapper\">\n\t\t\t<a class=\"elementor-button elementor-button-link elementor-size-sm\" href=\"mailto:hello@healthfactory.io\">\n\t\t\t\t\t\t<span class=\"elementor-button-content-wrapper\">\n\t\t\t\t\t\t\t\t\t<span class=\"elementor-button-text\">LAUNCH MY EXPERIMENT<\/span>\n\t\t\t\t\t<\/span>\n\t\t\t\t\t<\/a>\n\t\t<\/div>\n\t\t\t\t<\/div>\n\t\t\t\t<\/div>\n\t\t\t\t\t<\/div>\n\t\t\t\t<\/div>\n\t\t<div class=\"elementor-element elementor-element-d58f745 e-flex e-con-boxed e-con e-parent\" data-id=\"d58f745\" data-element_type=\"container\">\n\t\t\t\t\t<div class=\"e-con-inner\">\n\t\t<div class=\"elementor-element elementor-element-834a795 e-flex e-con-boxed e-con e-parent\" data-id=\"834a795\" data-element_type=\"container\">\n\t\t\t\t\t<div class=\"e-con-inner\">\n\t\t<div class=\"elementor-element elementor-element-4e13594 e-con-full e-flex e-con e-parent\" data-id=\"4e13594\" data-element_type=\"container\">\n\t\t\t\t<\/div>\n\t\t<div class=\"elementor-element elementor-element-92ef86b e-con-full e-flex e-con e-parent\" data-id=\"92ef86b\" data-element_type=\"container\">\n\t\t\t\t<div class=\"elementor-element elementor-element-3c04edc elementor-widget elementor-widget-image\" data-id=\"3c04edc\" data-element_type=\"widget\" data-widget_type=\"image.default\">\n\t\t\t\t<div class=\"elementor-widget-container\">\n\t\t\t<style>\/*! elementor - v3.21.0 - 26-05-2024 *\/\n.elementor-widget-image{text-align:center}.elementor-widget-image a{display:inline-block}.elementor-widget-image a img[src$=\".svg\"]{width:48px}.elementor-widget-image img{vertical-align:middle;display:inline-block}<\/style>\t\t\t\t\t\t\t\t\t\t<img fetchpriority=\"high\" decoding=\"async\" width=\"400\" height=\"400\" src=\"https:\/\/healthfactory.io\/wp-content\/uploads\/2023\/07\/experimentation-platform-action.jpg\" class=\"attachment-large size-large wp-image-1148\" alt=\"\" \/>\t\t\t\t\t\t\t\t\t\t\t\t\t<\/div>\n\t\t\t\t<\/div>\n\t\t\t\t<\/div>\n\t\t<div class=\"elementor-element elementor-element-c87a7cc e-con-full e-flex e-con e-parent\" data-id=\"c87a7cc\" data-element_type=\"container\">\n\t\t\t\t<div class=\"elementor-element elementor-element-dcafb85 elementor-widget elementor-widget-heading\" data-id=\"dcafb85\" data-element_type=\"widget\" data-widget_type=\"heading.default\">\n\t\t\t\t<div class=\"elementor-widget-container\">\n\t\t\t<h2 class=\"elementor-heading-title elementor-size-default\">ON THE FIELD<\/h2>\t\t<\/div>\n\t\t\t\t<\/div>\n\t\t\t\t<div class=\"elementor-element elementor-element-14611a0 elementor-widget elementor-widget-text-editor\" data-id=\"14611a0\" data-element_type=\"widget\" data-widget_type=\"text-editor.default\">\n\t\t\t\t<div class=\"elementor-widget-container\">\n\t\t\t\t\t\t\t<div class=\"col_3\"><div class=\"box_content\"><div class=\"center-v-c\"><div class=\"center-v\"><div class=\"content\"><p>Test your ideas with customers as quickly as you can. Don't build something nobody wants. Experimentation is the success key if it's done well, iteratively with metrics and clear goals.<\/p><\/div><\/div><\/div><\/div><\/div>\t\t\t\t\t\t<\/div>\n\t\t\t\t<\/div>\n\t\t\t\t<\/div>\n\t\t\t\t\t<\/div>\n\t\t\t\t<\/div>\n\t\t<div class=\"elementor-element elementor-element-9181244 e-flex e-con-boxed e-con e-parent\" data-id=\"9181244\" data-element_type=\"container\">\n\t\t\t\t\t<div class=\"e-con-inner\">\n\t\t<div class=\"elementor-element elementor-element-4e13ea6 e-con-full e-flex e-con e-parent\" data-id=\"4e13ea6\" data-element_type=\"container\">\n\t\t\t\t<div class=\"elementor-element elementor-element-42c1653 elementor-widget elementor-widget-heading\" data-id=\"42c1653\" data-element_type=\"widget\" data-widget_type=\"heading.default\">\n\t\t\t\t<div class=\"elementor-widget-container\">\n\t\t\t<h2 class=\"elementor-heading-title elementor-size-default\">HUMAN PLATFORM<\/h2>\t\t<\/div>\n\t\t\t\t<\/div>\n\t\t\t\t<div class=\"elementor-element elementor-element-7fb856e elementor-widget elementor-widget-text-editor\" data-id=\"7fb856e\" data-element_type=\"widget\" data-widget_type=\"text-editor.default\">\n\t\t\t\t<div class=\"elementor-widget-container\">\n\t\t\t\t\t\t\t<div class=\"col_3\"><div class=\"box_content\"><div class=\"center-v-c\"><div class=\"center-v\"><div class=\"content\"><div class=\"col_3\"><div class=\"box_content\"><div class=\"center-v-c\"><div class=\"center-v\"><div class=\"content\"><p style=\"text-align: right;\">We give you physical infrastructure : health establishment, hospitals, care units, pharmacy, GP offices... and people : patients and patient organizations, health professionals (physicians, specialists, nurses, physiologists,...) all comming from our network and partner of the Health Factory innovation process to deliver health innovations.<\/p><\/div><\/div><\/div><\/div><\/div><\/div><\/div><\/div><\/div><\/div>\t\t\t\t\t\t<\/div>\n\t\t\t\t<\/div>\n\t\t\t\t<\/div>\n\t\t<div class=\"elementor-element elementor-element-8b21636 e-con-full e-flex e-con e-parent\" data-id=\"8b21636\" data-element_type=\"container\">\n\t\t\t\t<div class=\"elementor-element elementor-element-5cf00b5 elementor-widget elementor-widget-image\" data-id=\"5cf00b5\" data-element_type=\"widget\" data-widget_type=\"image.default\">\n\t\t\t\t<div class=\"elementor-widget-container\">\n\t\t\t\t\t\t\t\t\t\t\t\t\t<img decoding=\"async\" width=\"350\" height=\"350\" src=\"https:\/\/healthfactory.io\/wp-content\/uploads\/2023\/07\/experimentation-platform-physical.png\" class=\"attachment-large size-large wp-image-1146\" alt=\"\" \/>\t\t\t\t\t\t\t\t\t\t\t\t\t<\/div>\n\t\t\t\t<\/div>\n\t\t\t\t<\/div>\n\t\t<div class=\"elementor-element elementor-element-ab7c38f e-con-full e-flex e-con e-parent\" data-id=\"ab7c38f\" data-element_type=\"container\">\n\t\t\t\t<\/div>\n\t\t\t\t\t<\/div>\n\t\t\t\t<\/div>\n\t\t<div class=\"elementor-element elementor-element-3cb3fbd e-flex e-con-boxed e-con e-parent\" data-id=\"3cb3fbd\" data-element_type=\"container\">\n\t\t\t\t\t<div class=\"e-con-inner\">\n\t\t<div class=\"elementor-element elementor-element-2e4a932 e-con-full e-flex e-con e-parent\" data-id=\"2e4a932\" data-element_type=\"container\">\n\t\t\t\t<\/div>\n\t\t<div class=\"elementor-element elementor-element-3273ac4 e-con-full e-flex e-con e-parent\" data-id=\"3273ac4\" data-element_type=\"container\">\n\t\t\t\t<div class=\"elementor-element elementor-element-644f3cf elementor-widget elementor-widget-image\" data-id=\"644f3cf\" data-element_type=\"widget\" data-widget_type=\"image.default\">\n\t\t\t\t<div class=\"elementor-widget-container\">\n\t\t\t\t\t\t\t\t\t\t\t\t\t<img decoding=\"async\" width=\"400\" height=\"400\" src=\"https:\/\/healthfactory.io\/wp-content\/uploads\/2023\/07\/experimentation-platform-digital.jpg\" class=\"attachment-large size-large wp-image-1147\" alt=\"\" \/>\t\t\t\t\t\t\t\t\t\t\t\t\t<\/div>\n\t\t\t\t<\/div>\n\t\t\t\t<\/div>\n\t\t<div class=\"elementor-element elementor-element-b76231c e-con-full e-flex e-con e-parent\" data-id=\"b76231c\" data-element_type=\"container\">\n\t\t\t\t<div class=\"elementor-element elementor-element-53c3c70 elementor-widget elementor-widget-heading\" data-id=\"53c3c70\" data-element_type=\"widget\" data-widget_type=\"heading.default\">\n\t\t\t\t<div class=\"elementor-widget-container\">\n\t\t\t<h2 class=\"elementor-heading-title elementor-size-default\">DIGITAL PLATFORM<\/h2>\t\t<\/div>\n\t\t\t\t<\/div>\n\t\t\t\t<div class=\"elementor-element elementor-element-c33f344 elementor-widget elementor-widget-text-editor\" data-id=\"c33f344\" data-element_type=\"widget\" data-widget_type=\"text-editor.default\">\n\t\t\t\t<div class=\"elementor-widget-container\">\n\t\t\t\t\t\t\t<div class=\"col_3\"><div class=\"box_content\"><div class=\"center-v-c\"><div class=\"center-v\"><div class=\"content\"><p>We give you digital infrastructure : datasets, API and services access to health data in test to validate technical feasability of your prototypes and build them on top meaningful data.<\/p><\/div><\/div><\/div><\/div><\/div>\t\t\t\t\t\t<\/div>\n\t\t\t\t<\/div>\n\t\t\t\t<\/div>\n\t\t\t\t\t<\/div>\n\t\t\t\t<\/div>\n\t\t\t\t\t<\/div>\n\t\t\t\t<\/div>\n\t\t\t\t<\/div>","protected":false},"excerpt":{"rendered":"<p>EXP\u00c9RIMENTER PLATEFORME D&rsquo;EXP\u00c9RIMENTATION plateforme physique (unit\u00e9 de soins, officine, cabinet, patients, \u2026) et num\u00e9rique (jeux de donn\u00e9es, services, API\u2026) permettant de tester et valider des innovations en r\u00e9el en partenariat avec les acteurs de la sant\u00e9 LANCER MON EXPERIMENTATION SUR LE TERRAIN Il faut le plus rapidement possible soumettre ses id\u00e9es aux utilisateurs. Il n&rsquo;y [&hellip;]<\/p>","protected":false},"author":3,"featured_media":0,"parent":0,"menu_order":0,"comment_status":"closed","ping_status":"closed","template":"elementor_header_footer","meta":{"inline_featured_image":false,"footnotes":""},"class_list":["post-1051","page","type-page","status-publish","hentry"],"_links":{"self":[{"href":"https:\/\/healthfactory.io\/en\/wp-json\/wp\/v2\/pages\/1051","targetHints":{"allow":["GET"]}}],"collection":[{"href":"https:\/\/healthfactory.io\/en\/wp-json\/wp\/v2\/pages"}],"about":[{"href":"https:\/\/healthfactory.io\/en\/wp-json\/wp\/v2\/types\/page"}],"author":[{"embeddable":true,"href":"https:\/\/healthfactory.io\/en\/wp-json\/wp\/v2\/users\/3"}],"replies":[{"embeddable":true,"href":"https:\/\/healthfactory.io\/en\/wp-json\/wp\/v2\/comments?post=1051"}],"version-history":[{"count":18,"href":"https:\/\/healthfactory.io\/en\/wp-json\/wp\/v2\/pages\/1051\/revisions"}],"predecessor-version":[{"id":1674,"href":"https:\/\/healthfactory.io\/en\/wp-json\/wp\/v2\/pages\/1051\/revisions\/1674"}],"wp:attachment":[{"href":"https:\/\/healthfactory.io\/en\/wp-json\/wp\/v2\/media?parent=1051"}],"curies":[{"name":"wp","href":"https:\/\/api.w.org\/{rel}","templated":true}]}}