{"id":1061,"date":"2023-07-21T14:42:12","date_gmt":"2023-07-21T12:42:12","guid":{"rendered":"https:\/\/dev.healthfactory.io\/?page_id=1061"},"modified":"2024-04-18T13:02:18","modified_gmt":"2024-04-18T11:02:18","slug":"hackathon-innovation-health","status":"publish","type":"page","link":"https:\/\/healthfactory.io\/en\/hackathon-innovation-health\/","title":{"rendered":"HACKATHONS"},"content":{"rendered":"<div data-elementor-type=\"wp-page\" data-elementor-id=\"1061\" class=\"elementor elementor-1061\" data-elementor-post-type=\"page\">\n\t\t\t\t<div class=\"elementor-element elementor-element-b6eb408 e-con-full e-flex e-con e-parent\" data-id=\"b6eb408\" data-element_type=\"container\" data-settings=\"{&quot;background_background&quot;:&quot;classic&quot;}\">\n\t\t\t\t<div class=\"elementor-element elementor-element-08f19a4 elementor-widget elementor-widget-heading\" data-id=\"08f19a4\" data-element_type=\"widget\" data-widget_type=\"heading.default\">\n\t\t\t\t<div class=\"elementor-widget-container\">\n\t\t\t<style>\/*! elementor - v3.21.0 - 26-05-2024 *\/\n.elementor-heading-title{padding:0;margin:0;line-height:1}.elementor-widget-heading .elementor-heading-title[class*=elementor-size-]>a{color:inherit;font-size:inherit;line-height:inherit}.elementor-widget-heading .elementor-heading-title.elementor-size-small{font-size:15px}.elementor-widget-heading .elementor-heading-title.elementor-size-medium{font-size:19px}.elementor-widget-heading .elementor-heading-title.elementor-size-large{font-size:29px}.elementor-widget-heading .elementor-heading-title.elementor-size-xl{font-size:39px}.elementor-widget-heading .elementor-heading-title.elementor-size-xxl{font-size:59px}<\/style><h2 class=\"elementor-heading-title elementor-size-default\">HACKATHONS<\/h2>\t\t<\/div>\n\t\t\t\t<\/div>\n\t\t\t\t<\/div>\n\t\t<div class=\"elementor-element elementor-element-bddf114 e-flex e-con-boxed e-con e-parent\" data-id=\"bddf114\" data-element_type=\"container\" data-settings=\"{&quot;background_background&quot;:&quot;classic&quot;}\">\n\t\t\t\t\t<div class=\"e-con-inner\">\n\t\t\t\t<div class=\"elementor-element elementor-element-7576a7b elementor-widget-mobile__width-initial elementor-widget elementor-widget-text-editor\" data-id=\"7576a7b\" data-element_type=\"widget\" data-widget_type=\"text-editor.default\">\n\t\t\t\t<div class=\"elementor-widget-container\">\n\t\t\t<style>\/*! elementor - v3.21.0 - 26-05-2024 *\/\n.elementor-widget-text-editor.elementor-drop-cap-view-stacked .elementor-drop-cap{background-color:#69727d;color:#fff}.elementor-widget-text-editor.elementor-drop-cap-view-framed .elementor-drop-cap{color:#69727d;border:3px solid;background-color:transparent}.elementor-widget-text-editor:not(.elementor-drop-cap-view-default) .elementor-drop-cap{margin-top:8px}.elementor-widget-text-editor:not(.elementor-drop-cap-view-default) .elementor-drop-cap-letter{width:1em;height:1em}.elementor-widget-text-editor .elementor-drop-cap{float:left;text-align:center;line-height:1;font-size:50px}.elementor-widget-text-editor .elementor-drop-cap-letter{display:inline-block}<\/style>\t\t\t\t<p>Innovation come from collaboration where different skills share a common vision. This the idea of the hackathon which give to attendees the ability to do things and realize prototypes that solve health professionals or patients issues. With more than 50 hackathons we give you an amazing and meaningful experience and we put it in your innovation strategy.<\/p>\t\t\t\t\t\t<\/div>\n\t\t\t\t<\/div>\n\t\t\t\t<div class=\"elementor-element elementor-element-5bf7347 elementor-widget elementor-widget-button\" data-id=\"5bf7347\" data-element_type=\"widget\" data-widget_type=\"button.default\">\n\t\t\t\t<div class=\"elementor-widget-container\">\n\t\t\t\t\t<div class=\"elementor-button-wrapper\">\n\t\t\t<a class=\"elementor-button elementor-button-link elementor-size-sm\" href=\"mailto:hello@healthfactory.io\">\n\t\t\t\t\t\t<span class=\"elementor-button-content-wrapper\">\n\t\t\t\t\t\t\t\t\t<span class=\"elementor-button-text\">I WANT MY HACKATHON<\/span>\n\t\t\t\t\t<\/span>\n\t\t\t\t\t<\/a>\n\t\t<\/div>\n\t\t\t\t<\/div>\n\t\t\t\t<\/div>\n\t\t\t\t\t<\/div>\n\t\t\t\t<\/div>\n\t\t<div class=\"elementor-element elementor-element-d58f745 e-flex e-con-boxed e-con e-parent\" data-id=\"d58f745\" data-element_type=\"container\">\n\t\t\t\t\t<div class=\"e-con-inner\">\n\t\t\t\t<div class=\"elementor-element elementor-element-853fb9d elementor-widget elementor-widget-image\" data-id=\"853fb9d\" data-element_type=\"widget\" data-widget_type=\"image.default\">\n\t\t\t\t<div class=\"elementor-widget-container\">\n\t\t\t<style>\/*! elementor - v3.21.0 - 26-05-2024 *\/\n.elementor-widget-image{text-align:center}.elementor-widget-image a{display:inline-block}.elementor-widget-image a img[src$=\".svg\"]{width:48px}.elementor-widget-image img{vertical-align:middle;display:inline-block}<\/style>\t\t\t\t\t\t\t\t\t\t<img fetchpriority=\"high\" decoding=\"async\" width=\"800\" height=\"407\" src=\"https:\/\/healthfactory.io\/wp-content\/uploads\/2023\/07\/hackathon-pierre-fabre-1.jpeg\" class=\"attachment-large size-large wp-image-1063\" alt=\"\" \/>\t\t\t\t\t\t\t\t\t\t\t\t\t<\/div>\n\t\t\t\t<\/div>\n\t\t\t\t<div class=\"elementor-element elementor-element-e789ca9 elementor-widget elementor-widget-heading\" data-id=\"e789ca9\" data-element_type=\"widget\" data-widget_type=\"heading.default\">\n\t\t\t\t<div class=\"elementor-widget-container\">\n\t\t\t<h2 class=\"elementor-heading-title elementor-size-default\">HACKATHON PIERRE FABRE<\/h2>\t\t<\/div>\n\t\t\t\t<\/div>\n\t\t\t\t<div class=\"elementor-element elementor-element-7f8130b elementor-widget__width-initial elementor-widget elementor-widget-text-editor\" data-id=\"7f8130b\" data-element_type=\"widget\" data-widget_type=\"text-editor.default\">\n\t\t\t\t<div class=\"elementor-widget-container\">\n\t\t\t\t\t\t\t<p style=\"text-align: center;\">The\u00a0<a href=\"http:\/\/hackinghealth.ca\/fr\/event\/design-challenge-universite-de-la-e-sante\/\" target=\"_blank\" rel=\"noopener\">HACKATHON<\/a>\u00a0open innovation event of\u00a0<a href=\"http:\/\/www.pierre-fabre.com\/fr\" target=\"_blank\" rel=\"noopener\">PIERRE FABRE<\/a>\u00a0laboratory during the<a href=\"http:\/\/www.universite-esante.com\/\" target=\"_blank\" rel=\"noopener\">UNIVERSIT\u00c9 D&rsquo;\u00c9T\u00c9 DE LA E-SANT\u00c9<\/a>\u00a0in Castres. We help Pierre Fabre in his innovation strategy.<\/p>\t\t\t\t\t\t<\/div>\n\t\t\t\t<\/div>\n\t\t\t\t\t<\/div>\n\t\t\t\t<\/div>\n\t\t<div class=\"elementor-element elementor-element-9c1ce1c e-flex e-con-boxed e-con e-parent\" data-id=\"9c1ce1c\" data-element_type=\"container\">\n\t\t\t\t\t<div class=\"e-con-inner\">\n\t\t\t\t<div class=\"elementor-element elementor-element-001c67a elementor-widget elementor-widget-image\" data-id=\"001c67a\" data-element_type=\"widget\" data-widget_type=\"image.default\">\n\t\t\t\t<div class=\"elementor-widget-container\">\n\t\t\t\t\t\t\t\t\t\t\t\t\t<img decoding=\"async\" width=\"800\" height=\"434\" src=\"https:\/\/healthfactory.io\/wp-content\/uploads\/2023\/07\/visuel.jpeg\" class=\"attachment-large size-large wp-image-1037\" alt=\"\" srcset=\"https:\/\/healthfactory.io\/wp-content\/uploads\/2023\/07\/visuel.jpeg 800w, https:\/\/healthfactory.io\/wp-content\/uploads\/2023\/07\/visuel-300x163.jpeg 300w, https:\/\/healthfactory.io\/wp-content\/uploads\/2023\/07\/visuel-768x417.jpeg 768w, https:\/\/healthfactory.io\/wp-content\/uploads\/2023\/07\/visuel-18x10.jpeg 18w\" sizes=\"(max-width: 800px) 100vw, 800px\" \/>\t\t\t\t\t\t\t\t\t\t\t\t\t<\/div>\n\t\t\t\t<\/div>\n\t\t\t\t<div class=\"elementor-element elementor-element-c137396 elementor-widget elementor-widget-heading\" data-id=\"c137396\" data-element_type=\"widget\" data-widget_type=\"heading.default\">\n\t\t\t\t<div class=\"elementor-widget-container\">\n\t\t\t<h2 class=\"elementor-heading-title elementor-size-default\">HACKING HEALTH CAMP<\/h2>\t\t<\/div>\n\t\t\t\t<\/div>\n\t\t\t\t<div class=\"elementor-element elementor-element-c8f107e elementor-widget__width-initial elementor-widget elementor-widget-text-editor\" data-id=\"c8f107e\" data-element_type=\"widget\" data-widget_type=\"text-editor.default\">\n\t\t\t\t<div class=\"elementor-widget-container\">\n\t\t\t\t\t\t\t<p style=\"text-align: center;\">The\u00a0<b>largest worldwide health hackathon<\/b>\u00a0organised during\u00a0<a href=\"http:\/\/hackinghealth.camp\/fr\" target=\"_blank\" rel=\"noopener\">HACKING HEALTH CAMP<\/a>\u00a0all years in march\u00a0\u00a0<span style=\"color: var( --e-global-color-text ); font-family: var( --e-global-typography-text-font-family ), Sans-serif; font-size: var( --e-global-typography-text-font-size ); font-weight: var( --e-global-typography-text-font-weight );\">in Strasbourg, more than 800 attendees and 400 for the hackathon,\u00a0<\/span><span style=\"color: var( --e-global-color-text ); font-family: var( --e-global-typography-text-font-family ), Sans-serif; font-size: var( --e-global-typography-text-font-size ); font-weight: var( --e-global-typography-text-font-weight );\">60 challenges submitted and 30 realized in the week-end.<\/span><\/p>\t\t\t\t\t\t<\/div>\n\t\t\t\t<\/div>\n\t\t\t\t\t<\/div>\n\t\t\t\t<\/div>\n\t\t<div class=\"elementor-element elementor-element-ac6ca04 e-flex e-con-boxed e-con e-parent\" data-id=\"ac6ca04\" data-element_type=\"container\">\n\t\t\t\t\t<div class=\"e-con-inner\">\n\t\t\t\t<div class=\"elementor-element elementor-element-2d0d558 elementor-widget elementor-widget-image\" data-id=\"2d0d558\" data-element_type=\"widget\" data-widget_type=\"image.default\">\n\t\t\t\t<div class=\"elementor-widget-container\">\n\t\t\t\t\t\t\t\t\t\t\t\t\t<img decoding=\"async\" width=\"800\" height=\"434\" src=\"https:\/\/healthfactory.io\/wp-content\/uploads\/2023\/07\/visuel.jpeg\" class=\"attachment-large size-large wp-image-1037\" alt=\"\" srcset=\"https:\/\/healthfactory.io\/wp-content\/uploads\/2023\/07\/visuel.jpeg 800w, https:\/\/healthfactory.io\/wp-content\/uploads\/2023\/07\/visuel-300x163.jpeg 300w, https:\/\/healthfactory.io\/wp-content\/uploads\/2023\/07\/visuel-768x417.jpeg 768w, https:\/\/healthfactory.io\/wp-content\/uploads\/2023\/07\/visuel-18x10.jpeg 18w\" sizes=\"(max-width: 800px) 100vw, 800px\" \/>\t\t\t\t\t\t\t\t\t\t\t\t\t<\/div>\n\t\t\t\t<\/div>\n\t\t\t\t<div class=\"elementor-element elementor-element-d5836d1 elementor-widget elementor-widget-heading\" data-id=\"d5836d1\" data-element_type=\"widget\" data-widget_type=\"heading.default\">\n\t\t\t\t<div class=\"elementor-widget-container\">\n\t\t\t<h2 class=\"elementor-heading-title elementor-size-default\">HACKING HEALTH<\/h2>\t\t<\/div>\n\t\t\t\t<\/div>\n\t\t\t\t<div class=\"elementor-element elementor-element-fe07205 elementor-widget__width-initial elementor-widget elementor-widget-text-editor\" data-id=\"fe07205\" data-element_type=\"widget\" data-widget_type=\"text-editor.default\">\n\t\t\t\t<div class=\"elementor-widget-container\">\n\t\t\t\t\t\t\t<p style=\"text-align: center;\">Hackathons in partnership with the mouvment &nbsp;<a href=\"http:\/\/hackinghealth.ca\/fr\" target=\"_blank\" rel=\"noopener\">HACKING HEALTH<\/a>&nbsp;nationally<a href=\"http:\/\/hackinghealth.ca\/fr\/city\/bordeaux\" target=\"_blank\" rel=\"noopener\">BORDEAUX<\/a>,&nbsp;<a href=\"http:\/\/hackinghealth.ca\/fr\/city\/lyon\" target=\"_blank\" rel=\"noopener\">LYON<\/a>,&nbsp;<a href=\"http:\/\/hackinghealth.ca\/fr\/city\/nice\" target=\"_blank\" rel=\"noopener\">NICE)<\/a>&nbsp; and globally (<a href=\"http:\/\/hackinghealth.ca\/fr\/city\/montreal-canada-2\" target=\"_blank\" rel=\"noopener\">MONTREAL<\/a>,&nbsp;<a href=\"http:\/\/hackinghealth.ca\/city\/mexico\" target=\"_blank\" rel=\"noopener\">MEXICO<\/a>,&nbsp;<a href=\"http:\/\/hackinghealth.ca\/city\/nijmegen\" target=\"_blank\" rel=\"noopener\">NIJMEGEN<\/a>&nbsp;(<a href=\"http:\/\/hackinghealth.ca\/city\/dutch-hacking-health\" target=\"_blank\" rel=\"noopener\">HOLLANDE<\/a>),&nbsp;<a href=\"http:\/\/hackinghealth.ca\/city\/berlin\" target=\"_blank\" rel=\"noopener\">BERLIN<\/a>,&nbsp;<a href=\"http:\/\/hackinghealth.ca\/city\/milan\" target=\"_blank\" rel=\"noopener\">SIERRE<\/a>&nbsp;(Switzerland),&nbsp;<a href=\"http:\/\/hackinghealth.ca\/fr\" target=\"_blank\" rel=\"noopener\">MILAN<\/a>)<\/p>\t\t\t\t\t\t<\/div>\n\t\t\t\t<\/div>\n\t\t\t\t\t<\/div>\n\t\t\t\t<\/div>\n\t\t\t\t<\/div>","protected":false},"excerpt":{"rendered":"<p>HACKATHONS L&rsquo;innovation trouve souvent sa source dans les d\u00e9marches collaborative o\u00f9 des acteurs de comp\u00e9tences diff\u00e9rentes partagent un objectif commun. C&rsquo;est l&rsquo;id\u00e9e du hackathon qui permet de passer \u00e0 l&rsquo;action pour r\u00e9aliser des prototypes de solutions \u00e0 des probl\u00e8mes pr\u00e9sent\u00e9s par des professionnels de sant\u00e9 ou des patients. Avec plus d&rsquo;une 50aine d&rsquo;hackathon sant\u00e9 \u00e0 [&hellip;]<\/p>","protected":false},"author":3,"featured_media":0,"parent":0,"menu_order":0,"comment_status":"closed","ping_status":"closed","template":"elementor_header_footer","meta":{"inline_featured_image":false,"footnotes":""},"class_list":["post-1061","page","type-page","status-publish","hentry"],"_links":{"self":[{"href":"https:\/\/healthfactory.io\/en\/wp-json\/wp\/v2\/pages\/1061","targetHints":{"allow":["GET"]}}],"collection":[{"href":"https:\/\/healthfactory.io\/en\/wp-json\/wp\/v2\/pages"}],"about":[{"href":"https:\/\/healthfactory.io\/en\/wp-json\/wp\/v2\/types\/page"}],"author":[{"embeddable":true,"href":"https:\/\/healthfactory.io\/en\/wp-json\/wp\/v2\/users\/3"}],"replies":[{"embeddable":true,"href":"https:\/\/healthfactory.io\/en\/wp-json\/wp\/v2\/comments?post=1061"}],"version-history":[{"count":25,"href":"https:\/\/healthfactory.io\/en\/wp-json\/wp\/v2\/pages\/1061\/revisions"}],"predecessor-version":[{"id":1659,"href":"https:\/\/healthfactory.io\/en\/wp-json\/wp\/v2\/pages\/1061\/revisions\/1659"}],"wp:attachment":[{"href":"https:\/\/healthfactory.io\/en\/wp-json\/wp\/v2\/media?parent=1061"}],"curies":[{"name":"wp","href":"https:\/\/api.w.org\/{rel}","templated":true}]}}