{"id":1068,"date":"2023-07-21T14:48:36","date_gmt":"2023-07-21T12:48:36","guid":{"rendered":"https:\/\/dev.healthfactory.io\/?page_id=1068"},"modified":"2023-07-25T15:08:28","modified_gmt":"2023-07-25T13:08:28","slug":"immersions","status":"publish","type":"page","link":"https:\/\/healthfactory.io\/en\/immersions\/","title":{"rendered":"IMMERSION"},"content":{"rendered":"<div data-elementor-type=\"wp-page\" data-elementor-id=\"1068\" class=\"elementor elementor-1068\" data-elementor-post-type=\"page\">\n\t\t\t\t<div class=\"elementor-element elementor-element-b6eb408 e-con-full e-flex e-con e-parent\" data-id=\"b6eb408\" data-element_type=\"container\" data-settings=\"{&quot;background_background&quot;:&quot;classic&quot;}\">\n\t\t\t\t<div class=\"elementor-element elementor-element-08f19a4 elementor-widget elementor-widget-heading\" data-id=\"08f19a4\" data-element_type=\"widget\" data-widget_type=\"heading.default\">\n\t\t\t\t<div class=\"elementor-widget-container\">\n\t\t\t<style>\/*! elementor - v3.21.0 - 26-05-2024 *\/\n.elementor-heading-title{padding:0;margin:0;line-height:1}.elementor-widget-heading .elementor-heading-title[class*=elementor-size-]>a{color:inherit;font-size:inherit;line-height:inherit}.elementor-widget-heading .elementor-heading-title.elementor-size-small{font-size:15px}.elementor-widget-heading .elementor-heading-title.elementor-size-medium{font-size:19px}.elementor-widget-heading .elementor-heading-title.elementor-size-large{font-size:29px}.elementor-widget-heading .elementor-heading-title.elementor-size-xl{font-size:39px}.elementor-widget-heading .elementor-heading-title.elementor-size-xxl{font-size:59px}<\/style><h2 class=\"elementor-heading-title elementor-size-default\">IMMERSION<\/h2>\t\t<\/div>\n\t\t\t\t<\/div>\n\t\t\t\t<\/div>\n\t\t<div class=\"elementor-element elementor-element-bddf114 e-flex e-con-boxed e-con e-parent\" data-id=\"bddf114\" data-element_type=\"container\" data-settings=\"{&quot;background_background&quot;:&quot;classic&quot;}\">\n\t\t\t\t\t<div class=\"e-con-inner\">\n\t\t\t\t<div class=\"elementor-element elementor-element-4f15e9f elementor-widget-mobile__width-initial elementor-widget elementor-widget-heading\" data-id=\"4f15e9f\" data-element_type=\"widget\" data-widget_type=\"heading.default\">\n\t\t\t\t<div class=\"elementor-widget-container\">\n\t\t\t<h2 class=\"elementor-heading-title elementor-size-default\">IMMERSIONS HAVE 2 GOALS THAT GIVE TO HEALTHCARE AND DIGITAL STAKEHOLDERS A WAY TO COLLABORATE AND FIND TOGETHER INNOVATIVE SOLUTIONS TO HEALTHCARE ISSUES :<\/h2>\t\t<\/div>\n\t\t\t\t<\/div>\n\t\t\t\t<div class=\"elementor-element elementor-element-7576a7b elementor-widget-mobile__width-initial elementor-widget elementor-widget-text-editor\" data-id=\"7576a7b\" data-element_type=\"widget\" data-widget_type=\"text-editor.default\">\n\t\t\t\t<div class=\"elementor-widget-container\">\n\t\t\t<style>\/*! elementor - v3.21.0 - 26-05-2024 *\/\n.elementor-widget-text-editor.elementor-drop-cap-view-stacked .elementor-drop-cap{background-color:#69727d;color:#fff}.elementor-widget-text-editor.elementor-drop-cap-view-framed .elementor-drop-cap{color:#69727d;border:3px solid;background-color:transparent}.elementor-widget-text-editor:not(.elementor-drop-cap-view-default) .elementor-drop-cap{margin-top:8px}.elementor-widget-text-editor:not(.elementor-drop-cap-view-default) .elementor-drop-cap-letter{width:1em;height:1em}.elementor-widget-text-editor .elementor-drop-cap{float:left;text-align:center;line-height:1;font-size:50px}.elementor-widget-text-editor .elementor-drop-cap-letter{display:inline-block}<\/style>\t\t\t\t<ul><li>understand healthcare issues throw observations on the field and during daily job of health professionals and daily life of patients<\/li><li>understand digital technologies throw collaborations on projects to build solutions on problems<\/li><\/ul>\t\t\t\t\t\t<\/div>\n\t\t\t\t<\/div>\n\t\t\t\t<div class=\"elementor-element elementor-element-5bf7347 elementor-widget elementor-widget-button\" data-id=\"5bf7347\" data-element_type=\"widget\" data-widget_type=\"button.default\">\n\t\t\t\t<div class=\"elementor-widget-container\">\n\t\t\t\t\t<div class=\"elementor-button-wrapper\">\n\t\t\t<a class=\"elementor-button elementor-button-link elementor-size-sm\" href=\"mailto:hello@healthfactory.io\">\n\t\t\t\t\t\t<span class=\"elementor-button-content-wrapper\">\n\t\t\t\t\t\t\t\t\t<span class=\"elementor-button-text\">ATTEND AN IMMERSION<\/span>\n\t\t\t\t\t<\/span>\n\t\t\t\t\t<\/a>\n\t\t<\/div>\n\t\t\t\t<\/div>\n\t\t\t\t<\/div>\n\t\t\t\t\t<\/div>\n\t\t\t\t<\/div>\n\t\t<div class=\"elementor-element elementor-element-d58f745 e-flex e-con-boxed e-con e-parent\" data-id=\"d58f745\" data-element_type=\"container\">\n\t\t\t\t\t<div class=\"e-con-inner\">\n\t\t\t\t<div class=\"elementor-element elementor-element-853fb9d elementor-widget elementor-widget-image\" data-id=\"853fb9d\" data-element_type=\"widget\" data-widget_type=\"image.default\">\n\t\t\t\t<div class=\"elementor-widget-container\">\n\t\t\t<style>\/*! elementor - v3.21.0 - 26-05-2024 *\/\n.elementor-widget-image{text-align:center}.elementor-widget-image a{display:inline-block}.elementor-widget-image a img[src$=\".svg\"]{width:48px}.elementor-widget-image img{vertical-align:middle;display:inline-block}<\/style>\t\t\t\t\t\t\t\t\t\t<img fetchpriority=\"high\" decoding=\"async\" width=\"800\" height=\"434\" src=\"https:\/\/healthfactory.io\/wp-content\/uploads\/2023\/07\/visuel.jpeg\" class=\"attachment-large size-large wp-image-1037\" alt=\"\" srcset=\"https:\/\/healthfactory.io\/wp-content\/uploads\/2023\/07\/visuel.jpeg 800w, https:\/\/healthfactory.io\/wp-content\/uploads\/2023\/07\/visuel-300x163.jpeg 300w, https:\/\/healthfactory.io\/wp-content\/uploads\/2023\/07\/visuel-768x417.jpeg 768w, https:\/\/healthfactory.io\/wp-content\/uploads\/2023\/07\/visuel-18x10.jpeg 18w\" sizes=\"(max-width: 800px) 100vw, 800px\" \/>\t\t\t\t\t\t\t\t\t\t\t\t\t<\/div>\n\t\t\t\t<\/div>\n\t\t\t\t<div class=\"elementor-element elementor-element-e789ca9 elementor-widget elementor-widget-heading\" data-id=\"e789ca9\" data-element_type=\"widget\" data-widget_type=\"heading.default\">\n\t\t\t\t<div class=\"elementor-widget-container\">\n\t\t\t<h2 class=\"elementor-heading-title elementor-size-default\">LEARNING EXPEDITIONS<\/h2>\t\t<\/div>\n\t\t\t\t<\/div>\n\t\t\t\t<div class=\"elementor-element elementor-element-7f8130b elementor-widget__width-initial elementor-widget elementor-widget-text-editor\" data-id=\"7f8130b\" data-element_type=\"widget\" data-widget_type=\"text-editor.default\">\n\t\t\t\t<div class=\"elementor-widget-container\">\n\t\t\t\t\t\t\t<p style=\"text-align: center;\">Learning expeditions in Silicon Valley, in Japan, in Israel, in Switzerland in our innovation process with your current and future projects to learn new experiences and innovative organizations and build innovation for the company.<\/p>\t\t\t\t\t\t<\/div>\n\t\t\t\t<\/div>\n\t\t\t\t\t<\/div>\n\t\t\t\t<\/div>\n\t\t<div class=\"elementor-element elementor-element-c602256 e-flex e-con-boxed e-con e-parent\" data-id=\"c602256\" data-element_type=\"container\">\n\t\t\t\t\t<div class=\"e-con-inner\">\n\t\t\t\t<div class=\"elementor-element elementor-element-001c67a elementor-widget elementor-widget-image\" data-id=\"001c67a\" data-element_type=\"widget\" data-widget_type=\"image.default\">\n\t\t\t\t<div class=\"elementor-widget-container\">\n\t\t\t\t\t\t\t\t\t\t\t\t\t<img decoding=\"async\" width=\"720\" height=\"429\" src=\"https:\/\/healthfactory.io\/wp-content\/uploads\/2023\/07\/immersion-epitech-1.jpeg\" class=\"attachment-large size-large wp-image-1071\" alt=\"\" srcset=\"https:\/\/healthfactory.io\/wp-content\/uploads\/2023\/07\/immersion-epitech-1.jpeg 720w, https:\/\/healthfactory.io\/wp-content\/uploads\/2023\/07\/immersion-epitech-1-300x179.jpeg 300w, https:\/\/healthfactory.io\/wp-content\/uploads\/2023\/07\/immersion-epitech-1-18x12.jpeg 18w\" sizes=\"(max-width: 720px) 100vw, 720px\" \/>\t\t\t\t\t\t\t\t\t\t\t\t\t<\/div>\n\t\t\t\t<\/div>\n\t\t\t\t<div class=\"elementor-element elementor-element-c137396 elementor-widget elementor-widget-heading\" data-id=\"c137396\" data-element_type=\"widget\" data-widget_type=\"heading.default\">\n\t\t\t\t<div class=\"elementor-widget-container\">\n\t\t\t<h2 class=\"elementor-heading-title elementor-size-default\">HOSPITAL IMMERSION<\/h2>\t\t<\/div>\n\t\t\t\t<\/div>\n\t\t\t\t<div class=\"elementor-element elementor-element-c8f107e elementor-widget__width-initial elementor-widget elementor-widget-text-editor\" data-id=\"c8f107e\" data-element_type=\"widget\" data-widget_type=\"text-editor.default\">\n\t\t\t\t<div class=\"elementor-widget-container\">\n\t\t\t\t\t\t\t<p style=\"text-align: center;\">Hospital immersion with our engineer school partner Epitech and ISEG with students in computing, communication and marketing and also startups to acculturate them at healthcare issues with concret experience by observing health professionals in their daily job. Following this immersion students and startups build solutions to solve issues they detect.<\/p>\t\t\t\t\t\t<\/div>\n\t\t\t\t<\/div>\n\t\t\t\t\t<\/div>\n\t\t\t\t<\/div>\n\t\t\t\t<\/div>","protected":false},"excerpt":{"rendered":"<p>IMMERSIONS LES IMMERSIONS ONT 2 OBJECTIFS QUI PERMETTENT \u00c0 CHACUN DES ACTEURS PROFESSIONNELS DE LA SANT\u00c9 D&rsquo;UN COT\u00c9 ET DU NUM\u00c9RIQUE DE L&rsquo;AUTRE DE COLLABORER ET DE TROUVER ENSEMBLE DES SOLUTIONS AUX PROBL\u00c8MES MAJEURS DE LA SANT\u00c9 : comprendre les enjeux de la sant\u00e9 \u00e0 travers des observations sur le terrain au coeur des activit\u00e9s [&hellip;]<\/p>","protected":false},"author":3,"featured_media":0,"parent":0,"menu_order":0,"comment_status":"closed","ping_status":"closed","template":"elementor_header_footer","meta":{"inline_featured_image":false,"footnotes":""},"class_list":["post-1068","page","type-page","status-publish","hentry"],"_links":{"self":[{"href":"https:\/\/healthfactory.io\/en\/wp-json\/wp\/v2\/pages\/1068","targetHints":{"allow":["GET"]}}],"collection":[{"href":"https:\/\/healthfactory.io\/en\/wp-json\/wp\/v2\/pages"}],"about":[{"href":"https:\/\/healthfactory.io\/en\/wp-json\/wp\/v2\/types\/page"}],"author":[{"embeddable":true,"href":"https:\/\/healthfactory.io\/en\/wp-json\/wp\/v2\/users\/3"}],"replies":[{"embeddable":true,"href":"https:\/\/healthfactory.io\/en\/wp-json\/wp\/v2\/comments?post=1068"}],"version-history":[{"count":37,"href":"https:\/\/healthfactory.io\/en\/wp-json\/wp\/v2\/pages\/1068\/revisions"}],"predecessor-version":[{"id":1662,"href":"https:\/\/healthfactory.io\/en\/wp-json\/wp\/v2\/pages\/1068\/revisions\/1662"}],"wp:attachment":[{"href":"https:\/\/healthfactory.io\/en\/wp-json\/wp\/v2\/media?parent=1068"}],"curies":[{"name":"wp","href":"https:\/\/api.w.org\/{rel}","templated":true}]}}