{"id":1103,"date":"2023-07-21T15:22:51","date_gmt":"2023-07-21T13:22:51","guid":{"rendered":"https:\/\/dev.healthfactory.io\/?page_id=1103"},"modified":"2023-07-25T15:05:03","modified_gmt":"2023-07-25T13:05:03","slug":"experience-immersive","status":"publish","type":"page","link":"https:\/\/healthfactory.io\/en\/experience-immersive\/","title":{"rendered":"IMMERSIVE EXPERIENCE"},"content":{"rendered":"<div data-elementor-type=\"wp-page\" data-elementor-id=\"1103\" class=\"elementor elementor-1103\" data-elementor-post-type=\"page\">\n\t\t\t\t<div class=\"elementor-element elementor-element-b6eb408 e-con-full e-flex e-con e-parent\" data-id=\"b6eb408\" data-element_type=\"container\" data-settings=\"{&quot;background_background&quot;:&quot;classic&quot;}\">\n\t\t\t\t<div class=\"elementor-element elementor-element-08f19a4 elementor-widget elementor-widget-heading\" data-id=\"08f19a4\" data-element_type=\"widget\" data-widget_type=\"heading.default\">\n\t\t\t\t<div class=\"elementor-widget-container\">\n\t\t\t<style>\/*! elementor - v3.21.0 - 26-05-2024 *\/\n.elementor-heading-title{padding:0;margin:0;line-height:1}.elementor-widget-heading .elementor-heading-title[class*=elementor-size-]>a{color:inherit;font-size:inherit;line-height:inherit}.elementor-widget-heading .elementor-heading-title.elementor-size-small{font-size:15px}.elementor-widget-heading .elementor-heading-title.elementor-size-medium{font-size:19px}.elementor-widget-heading .elementor-heading-title.elementor-size-large{font-size:29px}.elementor-widget-heading .elementor-heading-title.elementor-size-xl{font-size:39px}.elementor-widget-heading .elementor-heading-title.elementor-size-xxl{font-size:59px}<\/style><h2 class=\"elementor-heading-title elementor-size-default\">IMMERSIVE EXPERIENCE<\/h2>\t\t<\/div>\n\t\t\t\t<\/div>\n\t\t\t\t<\/div>\n\t\t<div class=\"elementor-element elementor-element-05fd5ef e-flex e-con-boxed e-con e-parent\" data-id=\"05fd5ef\" data-element_type=\"container\" data-settings=\"{&quot;background_background&quot;:&quot;classic&quot;}\">\n\t\t\t\t\t<div class=\"e-con-inner\">\n\t\t\t\t<div class=\"elementor-element elementor-element-7124c5f elementor-widget elementor-widget-heading\" data-id=\"7124c5f\" data-element_type=\"widget\" data-widget_type=\"heading.default\">\n\t\t\t\t<div class=\"elementor-widget-container\">\n\t\t\t<h2 class=\"elementor-heading-title elementor-size-default\">IMERGE<\/h2>\t\t<\/div>\n\t\t\t\t<\/div>\n\t\t\t\t<div class=\"elementor-element elementor-element-e4abd55 elementor-widget-mobile__width-initial elementor-widget elementor-widget-text-editor\" data-id=\"e4abd55\" data-element_type=\"widget\" data-widget_type=\"text-editor.default\">\n\t\t\t\t<div class=\"elementor-widget-container\">\n\t\t\t<style>\/*! elementor - v3.21.0 - 26-05-2024 *\/\n.elementor-widget-text-editor.elementor-drop-cap-view-stacked .elementor-drop-cap{background-color:#69727d;color:#fff}.elementor-widget-text-editor.elementor-drop-cap-view-framed .elementor-drop-cap{color:#69727d;border:3px solid;background-color:transparent}.elementor-widget-text-editor:not(.elementor-drop-cap-view-default) .elementor-drop-cap{margin-top:8px}.elementor-widget-text-editor:not(.elementor-drop-cap-view-default) .elementor-drop-cap-letter{width:1em;height:1em}.elementor-widget-text-editor .elementor-drop-cap{float:left;text-align:center;line-height:1;font-size:50px}.elementor-widget-text-editor .elementor-drop-cap-letter{display:inline-block}<\/style>\t\t\t\t<p>events and learning expeditions to acculturate healthcare stakeholders to digital and help digital experts to better understand healthcare needs<\/p>\t\t\t\t\t\t<\/div>\n\t\t\t\t<\/div>\n\t\t\t\t<div class=\"elementor-element elementor-element-280cd3e elementor-widget elementor-widget-button\" data-id=\"280cd3e\" data-element_type=\"widget\" data-widget_type=\"button.default\">\n\t\t\t\t<div class=\"elementor-widget-container\">\n\t\t\t\t\t<div class=\"elementor-button-wrapper\">\n\t\t\t<a class=\"elementor-button elementor-button-link elementor-size-sm\" href=\"mailto:hello@healthfactory.io\">\n\t\t\t\t\t\t<span class=\"elementor-button-content-wrapper\">\n\t\t\t\t\t\t\t\t\t<span class=\"elementor-button-text\">ORGANISE YOUR IMMERSIVE EXPERIENCE<\/span>\n\t\t\t\t\t<\/span>\n\t\t\t\t\t<\/a>\n\t\t<\/div>\n\t\t\t\t<\/div>\n\t\t\t\t<\/div>\n\t\t\t\t\t<\/div>\n\t\t\t\t<\/div>\n\t\t<div class=\"elementor-element elementor-element-bafaeaa e-flex e-con-boxed e-con e-parent\" data-id=\"bafaeaa\" data-element_type=\"container\">\n\t\t\t\t\t<div class=\"e-con-inner\">\n\t\t<div class=\"elementor-element elementor-element-997b9a1 e-con-full e-flex e-con e-parent\" data-id=\"997b9a1\" data-element_type=\"container\">\n\t\t\t\t<\/div>\n\t\t<div class=\"elementor-element elementor-element-5f5b7b0 e-con-full e-flex e-con e-parent\" data-id=\"5f5b7b0\" data-element_type=\"container\">\n\t\t\t\t<div class=\"elementor-element elementor-element-9705644 elementor-widget elementor-widget-image\" data-id=\"9705644\" data-element_type=\"widget\" data-widget_type=\"image.default\">\n\t\t\t\t<div class=\"elementor-widget-container\">\n\t\t\t<style>\/*! elementor - v3.21.0 - 26-05-2024 *\/\n.elementor-widget-image{text-align:center}.elementor-widget-image a{display:inline-block}.elementor-widget-image a img[src$=\".svg\"]{width:48px}.elementor-widget-image img{vertical-align:middle;display:inline-block}<\/style>\t\t\t\t\t\t\t\t\t\t<img fetchpriority=\"high\" decoding=\"async\" width=\"400\" height=\"400\" src=\"https:\/\/healthfactory.io\/wp-content\/uploads\/2023\/07\/immersive-experience-observe.jpg\" class=\"attachment-large size-large wp-image-1114\" alt=\"\" srcset=\"https:\/\/healthfactory.io\/wp-content\/uploads\/2023\/07\/immersive-experience-observe.jpg 400w, https:\/\/healthfactory.io\/wp-content\/uploads\/2023\/07\/immersive-experience-observe-300x300.jpg 300w, https:\/\/healthfactory.io\/wp-content\/uploads\/2023\/07\/immersive-experience-observe-150x150.jpg 150w, https:\/\/healthfactory.io\/wp-content\/uploads\/2023\/07\/immersive-experience-observe-12x12.jpg 12w\" sizes=\"(max-width: 400px) 100vw, 400px\" \/>\t\t\t\t\t\t\t\t\t\t\t\t\t<\/div>\n\t\t\t\t<\/div>\n\t\t\t\t<\/div>\n\t\t<div class=\"elementor-element elementor-element-a82ab63 e-con-full e-flex e-con e-parent\" data-id=\"a82ab63\" data-element_type=\"container\">\n\t\t\t\t<div class=\"elementor-element elementor-element-2b9f45f elementor-widget elementor-widget-heading\" data-id=\"2b9f45f\" data-element_type=\"widget\" data-widget_type=\"heading.default\">\n\t\t\t\t<div class=\"elementor-widget-container\">\n\t\t\t<h2 class=\"elementor-heading-title elementor-size-default\">OBSERVE<\/h2>\t\t<\/div>\n\t\t\t\t<\/div>\n\t\t\t\t<div class=\"elementor-element elementor-element-c8225a1 elementor-widget elementor-widget-text-editor\" data-id=\"c8225a1\" data-element_type=\"widget\" data-widget_type=\"text-editor.default\">\n\t\t\t\t<div class=\"elementor-widget-container\">\n\t\t\t\t\t\t\t<div class=\"col_3\"><div class=\"box_content\"><div class=\"center-v-c\"><div class=\"center-v\"><div class=\"content\"><p>Observation is the best way to understand healthcare issues and find innovative solutions. Users can't express themselves what they really needs, they always forgot to talk about the most important thing because it's obvious for them and not for the others. In return they have to better understand digital and new technologies for better adoption.<\/p><\/div><\/div><\/div><\/div><\/div>\t\t\t\t\t\t<\/div>\n\t\t\t\t<\/div>\n\t\t\t\t<\/div>\n\t\t\t\t\t<\/div>\n\t\t\t\t<\/div>\n\t\t<div class=\"elementor-element elementor-element-b153b2a e-flex e-con-boxed e-con e-parent\" data-id=\"b153b2a\" data-element_type=\"container\">\n\t\t\t\t\t<div class=\"e-con-inner\">\n\t\t<div class=\"elementor-element elementor-element-4432994 e-con-full e-flex e-con e-parent\" data-id=\"4432994\" data-element_type=\"container\">\n\t\t\t\t<div class=\"elementor-element elementor-element-beeb1ca elementor-widget elementor-widget-heading\" data-id=\"beeb1ca\" data-element_type=\"widget\" data-widget_type=\"heading.default\">\n\t\t\t\t<div class=\"elementor-widget-container\">\n\t\t\t<h2 class=\"elementor-heading-title elementor-size-default\">LEARN AND UNDERSTAND<\/h2>\t\t<\/div>\n\t\t\t\t<\/div>\n\t\t\t\t<div class=\"elementor-element elementor-element-cb379e6 elementor-widget elementor-widget-text-editor\" data-id=\"cb379e6\" data-element_type=\"widget\" data-widget_type=\"text-editor.default\">\n\t\t\t\t<div class=\"elementor-widget-container\">\n\t\t\t\t\t\t\t<div class=\"col_3\"><div class=\"box_content\"><div class=\"center-v-c\"><div class=\"center-v\"><div class=\"content\"><div class=\"col_3\"><div class=\"box_content\"><div class=\"center-v-c\"><div class=\"center-v\"><div class=\"content\"><p>Throw events like hackathons or workshops you learn quickly healthcare domains and issues for digital professionals and you understand better the digital economy for health professionals.<\/p><\/div><\/div><\/div><\/div><\/div><\/div><\/div><\/div><\/div><\/div>\t\t\t\t\t\t<\/div>\n\t\t\t\t<\/div>\n\t\t\t\t<\/div>\n\t\t<div class=\"elementor-element elementor-element-4a79747 e-con-full e-flex e-con e-parent\" data-id=\"4a79747\" data-element_type=\"container\">\n\t\t\t\t<div class=\"elementor-element elementor-element-aa50804 elementor-widget elementor-widget-image\" data-id=\"aa50804\" data-element_type=\"widget\" data-widget_type=\"image.default\">\n\t\t\t\t<div class=\"elementor-widget-container\">\n\t\t\t\t\t\t\t\t\t\t\t\t\t<img decoding=\"async\" width=\"400\" height=\"400\" src=\"https:\/\/healthfactory.io\/wp-content\/uploads\/2023\/07\/immersive-experience-learn.jpg\" class=\"attachment-large size-large wp-image-1154\" alt=\"\" srcset=\"https:\/\/healthfactory.io\/wp-content\/uploads\/2023\/07\/immersive-experience-learn.jpg 400w, https:\/\/healthfactory.io\/wp-content\/uploads\/2023\/07\/immersive-experience-learn-300x300.jpg 300w, https:\/\/healthfactory.io\/wp-content\/uploads\/2023\/07\/immersive-experience-learn-150x150.jpg 150w, https:\/\/healthfactory.io\/wp-content\/uploads\/2023\/07\/immersive-experience-learn-12x12.jpg 12w\" sizes=\"(max-width: 400px) 100vw, 400px\" \/>\t\t\t\t\t\t\t\t\t\t\t\t\t<\/div>\n\t\t\t\t<\/div>\n\t\t\t\t<\/div>\n\t\t<div class=\"elementor-element elementor-element-c61287e e-con-full e-flex e-con e-parent\" data-id=\"c61287e\" data-element_type=\"container\">\n\t\t\t\t<\/div>\n\t\t\t\t\t<\/div>\n\t\t\t\t<\/div>\n\t\t<div class=\"elementor-element elementor-element-02eafba e-flex e-con-boxed e-con e-parent\" data-id=\"02eafba\" data-element_type=\"container\">\n\t\t\t\t\t<div class=\"e-con-inner\">\n\t\t<div class=\"elementor-element elementor-element-216ac10 e-con-full e-flex e-con e-parent\" data-id=\"216ac10\" data-element_type=\"container\">\n\t\t\t\t<\/div>\n\t\t<div class=\"elementor-element elementor-element-b061932 e-con-full e-flex e-con e-parent\" data-id=\"b061932\" data-element_type=\"container\">\n\t\t\t\t<div class=\"elementor-element elementor-element-7b666bd elementor-widget elementor-widget-image\" data-id=\"7b666bd\" data-element_type=\"widget\" data-widget_type=\"image.default\">\n\t\t\t\t<div class=\"elementor-widget-container\">\n\t\t\t\t\t\t\t\t\t\t\t\t\t<img decoding=\"async\" width=\"477\" height=\"380\" src=\"https:\/\/healthfactory.io\/wp-content\/uploads\/2023\/07\/silicon-valley-innovation.jpg\" class=\"attachment-large size-large wp-image-1155\" alt=\"\" srcset=\"https:\/\/healthfactory.io\/wp-content\/uploads\/2023\/07\/silicon-valley-innovation.jpg 477w, https:\/\/healthfactory.io\/wp-content\/uploads\/2023\/07\/silicon-valley-innovation-300x239.jpg 300w, https:\/\/healthfactory.io\/wp-content\/uploads\/2023\/07\/silicon-valley-innovation-15x12.jpg 15w\" sizes=\"(max-width: 477px) 100vw, 477px\" \/>\t\t\t\t\t\t\t\t\t\t\t\t\t<\/div>\n\t\t\t\t<\/div>\n\t\t\t\t<\/div>\n\t\t<div class=\"elementor-element elementor-element-8efac28 e-con-full e-flex e-con e-parent\" data-id=\"8efac28\" data-element_type=\"container\">\n\t\t\t\t<div class=\"elementor-element elementor-element-056e89e elementor-widget elementor-widget-heading\" data-id=\"056e89e\" data-element_type=\"widget\" data-widget_type=\"heading.default\">\n\t\t\t\t<div class=\"elementor-widget-container\">\n\t\t\t<h2 class=\"elementor-heading-title elementor-size-default\">TRIP<\/h2>\t\t<\/div>\n\t\t\t\t<\/div>\n\t\t\t\t<div class=\"elementor-element elementor-element-b607f27 elementor-widget elementor-widget-text-editor\" data-id=\"b607f27\" data-element_type=\"widget\" data-widget_type=\"text-editor.default\">\n\t\t\t\t<div class=\"elementor-widget-container\">\n\t\t\t\t\t\t\t<div class=\"col_3\"><div class=\"box_content\"><div class=\"center-v-c\"><div class=\"center-v\"><div class=\"content\"><div class=\"col_3\"><div class=\"box_content\"><div class=\"center-v-c\"><div class=\"center-v\"><div class=\"content\"><p>Learning expeditions help healthcare stakeholders to better understand digital economy and detect opportunities by living new experience of work and collaboration.<\/p><\/div><\/div><\/div><\/div><\/div><\/div><\/div><\/div><\/div><\/div>\t\t\t\t\t\t<\/div>\n\t\t\t\t<\/div>\n\t\t\t\t<\/div>\n\t\t\t\t\t<\/div>\n\t\t\t\t<\/div>\n\t\t\t\t<\/div>","protected":false},"excerpt":{"rendered":"<p>EXP\u00c9RIENCES IMMERSIVES IMMERGER \u00e9v\u00e8nements et voyages apprenants pour acculturer acteurs de la sant\u00e9 au num\u00e9rique et permettant aux acteurs du num\u00e9rique de comprendre les enjeux de la sant\u00e9 ORGANISER UNE EXPERIENCE IMMERSIVE OBSERVER L\u2019observation est le meilleur moyen de comprendre les enjeux en sant\u00e9 et d\u2019apporter des solutions innovantes. Les utilisateurs ont souvent des difficult\u00e9s [&hellip;]<\/p>","protected":false},"author":3,"featured_media":0,"parent":0,"menu_order":0,"comment_status":"closed","ping_status":"closed","template":"elementor_header_footer","meta":{"inline_featured_image":false,"footnotes":""},"class_list":["post-1103","page","type-page","status-publish","hentry"],"_links":{"self":[{"href":"https:\/\/healthfactory.io\/en\/wp-json\/wp\/v2\/pages\/1103","targetHints":{"allow":["GET"]}}],"collection":[{"href":"https:\/\/healthfactory.io\/en\/wp-json\/wp\/v2\/pages"}],"about":[{"href":"https:\/\/healthfactory.io\/en\/wp-json\/wp\/v2\/types\/page"}],"author":[{"embeddable":true,"href":"https:\/\/healthfactory.io\/en\/wp-json\/wp\/v2\/users\/3"}],"replies":[{"embeddable":true,"href":"https:\/\/healthfactory.io\/en\/wp-json\/wp\/v2\/comments?post=1103"}],"version-history":[{"count":29,"href":"https:\/\/healthfactory.io\/en\/wp-json\/wp\/v2\/pages\/1103\/revisions"}],"predecessor-version":[{"id":1650,"href":"https:\/\/healthfactory.io\/en\/wp-json\/wp\/v2\/pages\/1103\/revisions\/1650"}],"wp:attachment":[{"href":"https:\/\/healthfactory.io\/en\/wp-json\/wp\/v2\/media?parent=1103"}],"curies":[{"name":"wp","href":"https:\/\/api.w.org\/{rel}","templated":true}]}}