{"id":1159,"date":"2023-07-21T16:07:31","date_gmt":"2023-07-21T14:07:31","guid":{"rendered":"https:\/\/dev.healthfactory.io\/?page_id=1159"},"modified":"2023-07-25T15:07:16","modified_gmt":"2023-07-25T13:07:16","slug":"expertise-health-digital","status":"publish","type":"page","link":"https:\/\/healthfactory.io\/en\/expertise-health-digital\/","title":{"rendered":"EXPERTISE HEALTH DIGITAL"},"content":{"rendered":"<div data-elementor-type=\"wp-page\" data-elementor-id=\"1159\" class=\"elementor elementor-1159\" data-elementor-post-type=\"page\">\n\t\t\t\t<div class=\"elementor-element elementor-element-b6eb408 e-con-full e-flex e-con e-parent\" data-id=\"b6eb408\" data-element_type=\"container\" data-settings=\"{&quot;background_background&quot;:&quot;classic&quot;}\">\n\t\t\t\t<div class=\"elementor-element elementor-element-08f19a4 elementor-widget elementor-widget-heading\" data-id=\"08f19a4\" data-element_type=\"widget\" data-widget_type=\"heading.default\">\n\t\t\t\t<div class=\"elementor-widget-container\">\n\t\t\t<style>\/*! elementor - v3.21.0 - 26-05-2024 *\/\n.elementor-heading-title{padding:0;margin:0;line-height:1}.elementor-widget-heading .elementor-heading-title[class*=elementor-size-]>a{color:inherit;font-size:inherit;line-height:inherit}.elementor-widget-heading .elementor-heading-title.elementor-size-small{font-size:15px}.elementor-widget-heading .elementor-heading-title.elementor-size-medium{font-size:19px}.elementor-widget-heading .elementor-heading-title.elementor-size-large{font-size:29px}.elementor-widget-heading .elementor-heading-title.elementor-size-xl{font-size:39px}.elementor-widget-heading .elementor-heading-title.elementor-size-xxl{font-size:59px}<\/style><h2 class=\"elementor-heading-title elementor-size-default\">HEALTH AND DIGITAL EXPERTISE<\/h2>\t\t<\/div>\n\t\t\t\t<\/div>\n\t\t\t\t<\/div>\n\t\t<div class=\"elementor-element elementor-element-05fd5ef e-flex e-con-boxed e-con e-parent\" data-id=\"05fd5ef\" data-element_type=\"container\" data-settings=\"{&quot;background_background&quot;:&quot;classic&quot;}\">\n\t\t\t\t\t<div class=\"e-con-inner\">\n\t\t\t\t<div class=\"elementor-element elementor-element-7124c5f elementor-widget elementor-widget-heading\" data-id=\"7124c5f\" data-element_type=\"widget\" data-widget_type=\"heading.default\">\n\t\t\t\t<div class=\"elementor-widget-container\">\n\t\t\t<h2 class=\"elementor-heading-title elementor-size-default\">NETWORK OF HEALTH DIGITAL EXPERTS<\/h2>\t\t<\/div>\n\t\t\t\t<\/div>\n\t\t\t\t<div class=\"elementor-element elementor-element-e4abd55 elementor-widget-mobile__width-initial elementor-widget elementor-widget-text-editor\" data-id=\"e4abd55\" data-element_type=\"widget\" data-widget_type=\"text-editor.default\">\n\t\t\t\t<div class=\"elementor-widget-container\">\n\t\t\t<style>\/*! elementor - v3.21.0 - 26-05-2024 *\/\n.elementor-widget-text-editor.elementor-drop-cap-view-stacked .elementor-drop-cap{background-color:#69727d;color:#fff}.elementor-widget-text-editor.elementor-drop-cap-view-framed .elementor-drop-cap{color:#69727d;border:3px solid;background-color:transparent}.elementor-widget-text-editor:not(.elementor-drop-cap-view-default) .elementor-drop-cap{margin-top:8px}.elementor-widget-text-editor:not(.elementor-drop-cap-view-default) .elementor-drop-cap-letter{width:1em;height:1em}.elementor-widget-text-editor .elementor-drop-cap{float:left;text-align:center;line-height:1;font-size:50px}.elementor-widget-text-editor .elementor-drop-cap-letter{display:inline-block}<\/style>\t\t\t\t<p>panel of services to realize projects with innovative technologies with the best experts on technical, legal, medical, entrepreneurial and design aspects<\/p>\t\t\t\t\t\t<\/div>\n\t\t\t\t<\/div>\n\t\t\t\t<div class=\"elementor-element elementor-element-280cd3e elementor-widget elementor-widget-button\" data-id=\"280cd3e\" data-element_type=\"widget\" data-widget_type=\"button.default\">\n\t\t\t\t<div class=\"elementor-widget-container\">\n\t\t\t\t\t<div class=\"elementor-button-wrapper\">\n\t\t\t<a class=\"elementor-button elementor-button-link elementor-size-sm\" href=\"mailto:hello@healthfactory.io\">\n\t\t\t\t\t\t<span class=\"elementor-button-content-wrapper\">\n\t\t\t\t\t\t\t\t\t<span class=\"elementor-button-text\">ASK OUR EXPERTS<\/span>\n\t\t\t\t\t<\/span>\n\t\t\t\t\t<\/a>\n\t\t<\/div>\n\t\t\t\t<\/div>\n\t\t\t\t<\/div>\n\t\t\t\t\t<\/div>\n\t\t\t\t<\/div>\n\t\t<div class=\"elementor-element elementor-element-bafaeaa e-flex e-con-boxed e-con e-parent\" data-id=\"bafaeaa\" data-element_type=\"container\">\n\t\t\t\t\t<div class=\"e-con-inner\">\n\t\t<div class=\"elementor-element elementor-element-997b9a1 e-con-full e-flex e-con e-parent\" data-id=\"997b9a1\" data-element_type=\"container\">\n\t\t\t\t<\/div>\n\t\t<div class=\"elementor-element elementor-element-5f5b7b0 e-con-full e-flex e-con e-parent\" data-id=\"5f5b7b0\" data-element_type=\"container\">\n\t\t\t\t<div class=\"elementor-element elementor-element-9705644 elementor-widget elementor-widget-image\" data-id=\"9705644\" data-element_type=\"widget\" data-widget_type=\"image.default\">\n\t\t\t\t<div class=\"elementor-widget-container\">\n\t\t\t<style>\/*! elementor - v3.21.0 - 26-05-2024 *\/\n.elementor-widget-image{text-align:center}.elementor-widget-image a{display:inline-block}.elementor-widget-image a img[src$=\".svg\"]{width:48px}.elementor-widget-image img{vertical-align:middle;display:inline-block}<\/style>\t\t\t\t\t\t\t\t\t\t<img fetchpriority=\"high\" decoding=\"async\" width=\"400\" height=\"400\" src=\"https:\/\/healthfactory.io\/wp-content\/uploads\/2023\/07\/health-digital-expertise-technical.jpg\" class=\"attachment-large size-large wp-image-1161\" alt=\"\" \/>\t\t\t\t\t\t\t\t\t\t\t\t\t<\/div>\n\t\t\t\t<\/div>\n\t\t\t\t<\/div>\n\t\t<div class=\"elementor-element elementor-element-a82ab63 e-con-full e-flex e-con e-parent\" data-id=\"a82ab63\" data-element_type=\"container\">\n\t\t\t\t<div class=\"elementor-element elementor-element-2b9f45f elementor-widget elementor-widget-heading\" data-id=\"2b9f45f\" data-element_type=\"widget\" data-widget_type=\"heading.default\">\n\t\t\t\t<div class=\"elementor-widget-container\">\n\t\t\t<h2 class=\"elementor-heading-title elementor-size-default\">TECHNICAL\n<\/h2>\t\t<\/div>\n\t\t\t\t<\/div>\n\t\t\t\t<div class=\"elementor-element elementor-element-c8225a1 elementor-widget-mobile__width-initial elementor-widget elementor-widget-text-editor\" data-id=\"c8225a1\" data-element_type=\"widget\" data-widget_type=\"text-editor.default\">\n\t\t\t\t<div class=\"elementor-widget-container\">\n\t\t\t\t\t\t\t<div class=\"col_3\"><div class=\"box_content\"><div class=\"center-v-c\"><div class=\"center-v\"><div class=\"content\"><div class=\"col_3\"><div class=\"box_content\"><div class=\"center-v-c\"><div class=\"center-v\"><div class=\"content\"><p>Engineer, developers, hackers, makers specialized in healthcare with agile skills, continuous deployment and integration skills, mobile iOS and Android skills, web development skills. Specialized on security and privacy of healthcare data (cryptography, secure authentication, anonymisation, secure data hosting). A fine knowledge of healthcare and hospital information system.\u00a0<a href=\"http:\/\/www.resurgences.com\/\" target=\"_blank\" rel=\"noopener\">RESURGENCES<\/a>\u00a0: patient file management software,\u00a0<a href=\"https:\/\/play.google.com\/store\/apps\/details?id=com.waki.doktergratis&amp;hl=fr\" target=\"_blank\" rel=\"noopener\">DOCTEUR GRATIS<\/a>\u00a0: application mobile de t\u00e9l\u00e9m\u00e9decine \u00e0 destination des pays en voie de d\u00e9veloppement, toubib.co : application mobile de gestion m\u00e9dicale, &#8230;<\/p><\/div><\/div><\/div><\/div><\/div><\/div><\/div><\/div><\/div><\/div>\t\t\t\t\t\t<\/div>\n\t\t\t\t<\/div>\n\t\t\t\t<\/div>\n\t\t\t\t\t<\/div>\n\t\t\t\t<\/div>\n\t\t<div class=\"elementor-element elementor-element-b153b2a e-flex e-con-boxed e-con e-parent\" data-id=\"b153b2a\" data-element_type=\"container\">\n\t\t\t\t\t<div class=\"e-con-inner\">\n\t\t<div class=\"elementor-element elementor-element-4432994 e-con-full e-flex e-con e-parent\" data-id=\"4432994\" data-element_type=\"container\">\n\t\t\t\t<div class=\"elementor-element elementor-element-beeb1ca elementor-widget elementor-widget-heading\" data-id=\"beeb1ca\" data-element_type=\"widget\" data-widget_type=\"heading.default\">\n\t\t\t\t<div class=\"elementor-widget-container\">\n\t\t\t<h2 class=\"elementor-heading-title elementor-size-default\">LEGAL<\/h2>\t\t<\/div>\n\t\t\t\t<\/div>\n\t\t\t\t<div class=\"elementor-element elementor-element-cb379e6 elementor-widget-mobile__width-initial elementor-widget elementor-widget-text-editor\" data-id=\"cb379e6\" data-element_type=\"widget\" data-widget_type=\"text-editor.default\">\n\t\t\t\t<div class=\"elementor-widget-container\">\n\t\t\t\t\t\t\t<div class=\"col_3\"><div class=\"box_content\"><div class=\"center-v-c\"><div class=\"center-v\"><div class=\"content\"><div class=\"col_3\"><div class=\"box_content\"><div class=\"center-v-c\"><div class=\"center-v\"><div class=\"content\"><div class=\"col_3\"><div class=\"box_content\"><div class=\"center-v-c\"><div class=\"center-v\"><div class=\"content\"><p style=\"text-align: left;\">Healthcare lawyers, mastering all the healthcare rules and privacy by country.<\/p><\/div><\/div><\/div><\/div><\/div><\/div><\/div><\/div><\/div><\/div><\/div><\/div><\/div><\/div><\/div>\t\t\t\t\t\t<\/div>\n\t\t\t\t<\/div>\n\t\t\t\t<\/div>\n\t\t<div class=\"elementor-element elementor-element-4a79747 e-con-full e-flex e-con e-parent\" data-id=\"4a79747\" data-element_type=\"container\">\n\t\t\t\t<div class=\"elementor-element elementor-element-aa50804 elementor-widget elementor-widget-image\" data-id=\"aa50804\" data-element_type=\"widget\" data-widget_type=\"image.default\">\n\t\t\t\t<div class=\"elementor-widget-container\">\n\t\t\t\t\t\t\t\t\t\t\t\t\t<img decoding=\"async\" width=\"400\" height=\"400\" src=\"https:\/\/healthfactory.io\/wp-content\/uploads\/2023\/07\/health-digital-expertise-legal.jpg\" class=\"attachment-large size-large wp-image-1162\" alt=\"\" srcset=\"https:\/\/healthfactory.io\/wp-content\/uploads\/2023\/07\/health-digital-expertise-legal.jpg 400w, https:\/\/healthfactory.io\/wp-content\/uploads\/2023\/07\/health-digital-expertise-legal-300x300.jpg 300w, https:\/\/healthfactory.io\/wp-content\/uploads\/2023\/07\/health-digital-expertise-legal-150x150.jpg 150w, https:\/\/healthfactory.io\/wp-content\/uploads\/2023\/07\/health-digital-expertise-legal-12x12.jpg 12w\" sizes=\"(max-width: 400px) 100vw, 400px\" \/>\t\t\t\t\t\t\t\t\t\t\t\t\t<\/div>\n\t\t\t\t<\/div>\n\t\t\t\t<\/div>\n\t\t<div class=\"elementor-element elementor-element-c61287e e-con-full e-flex e-con e-parent\" data-id=\"c61287e\" data-element_type=\"container\">\n\t\t\t\t<\/div>\n\t\t\t\t\t<\/div>\n\t\t\t\t<\/div>\n\t\t<div class=\"elementor-element elementor-element-02eafba e-flex e-con-boxed e-con e-parent\" data-id=\"02eafba\" data-element_type=\"container\">\n\t\t\t\t\t<div class=\"e-con-inner\">\n\t\t<div class=\"elementor-element elementor-element-216ac10 e-con-full e-flex e-con e-parent\" data-id=\"216ac10\" data-element_type=\"container\">\n\t\t\t\t<\/div>\n\t\t<div class=\"elementor-element elementor-element-b061932 e-con-full e-flex e-con e-parent\" data-id=\"b061932\" data-element_type=\"container\">\n\t\t\t\t<div class=\"elementor-element elementor-element-7b666bd elementor-widget elementor-widget-image\" data-id=\"7b666bd\" data-element_type=\"widget\" data-widget_type=\"image.default\">\n\t\t\t\t<div class=\"elementor-widget-container\">\n\t\t\t\t\t\t\t\t\t\t\t\t\t<img decoding=\"async\" width=\"400\" height=\"400\" src=\"https:\/\/healthfactory.io\/wp-content\/uploads\/2023\/07\/health-digital-expertise-medical.jpg\" class=\"attachment-large size-large wp-image-1163\" alt=\"\" srcset=\"https:\/\/healthfactory.io\/wp-content\/uploads\/2023\/07\/health-digital-expertise-medical.jpg 400w, https:\/\/healthfactory.io\/wp-content\/uploads\/2023\/07\/health-digital-expertise-medical-300x300.jpg 300w, https:\/\/healthfactory.io\/wp-content\/uploads\/2023\/07\/health-digital-expertise-medical-150x150.jpg 150w, https:\/\/healthfactory.io\/wp-content\/uploads\/2023\/07\/health-digital-expertise-medical-12x12.jpg 12w\" sizes=\"(max-width: 400px) 100vw, 400px\" \/>\t\t\t\t\t\t\t\t\t\t\t\t\t<\/div>\n\t\t\t\t<\/div>\n\t\t\t\t<\/div>\n\t\t<div class=\"elementor-element elementor-element-8efac28 e-con-full e-flex e-con e-parent\" data-id=\"8efac28\" data-element_type=\"container\">\n\t\t\t\t<div class=\"elementor-element elementor-element-056e89e elementor-widget elementor-widget-heading\" data-id=\"056e89e\" data-element_type=\"widget\" data-widget_type=\"heading.default\">\n\t\t\t\t<div class=\"elementor-widget-container\">\n\t\t\t<h2 class=\"elementor-heading-title elementor-size-default\">MEDICAL<\/h2>\t\t<\/div>\n\t\t\t\t<\/div>\n\t\t\t\t<div class=\"elementor-element elementor-element-b607f27 elementor-widget-mobile__width-initial elementor-widget elementor-widget-text-editor\" data-id=\"b607f27\" data-element_type=\"widget\" data-widget_type=\"text-editor.default\">\n\t\t\t\t<div class=\"elementor-widget-container\">\n\t\t\t\t\t\t\t<div class=\"col_3\"><div class=\"box_content\"><div class=\"center-v-c\"><div class=\"center-v\"><div class=\"content\"><div class=\"col_3\"><div class=\"box_content\"><div class=\"center-v-c\"><div class=\"center-v\"><div class=\"content\"><div class=\"col_3\"><div class=\"box_content\"><div class=\"center-v-c\"><div class=\"center-v\"><div class=\"content\"><p>Health professionals : physicians, nurses, pharmacists, ... mastering digital aspects and healthcare data issues with entrepreneurial skills in developing innovative solutions, clinical trials with large dataset, ...<\/p><\/div><\/div><\/div><\/div><\/div><\/div><\/div><\/div><\/div><\/div><\/div><\/div><\/div><\/div><\/div>\t\t\t\t\t\t<\/div>\n\t\t\t\t<\/div>\n\t\t\t\t<\/div>\n\t\t\t\t\t<\/div>\n\t\t\t\t<\/div>\n\t\t<div class=\"elementor-element elementor-element-3d4583e e-flex e-con-boxed e-con e-parent\" data-id=\"3d4583e\" data-element_type=\"container\">\n\t\t\t\t\t<div class=\"e-con-inner\">\n\t\t<div class=\"elementor-element elementor-element-b1f2f9e e-con-full e-flex e-con e-parent\" data-id=\"b1f2f9e\" data-element_type=\"container\">\n\t\t\t\t<div class=\"elementor-element elementor-element-06f3231 elementor-widget elementor-widget-heading\" data-id=\"06f3231\" data-element_type=\"widget\" data-widget_type=\"heading.default\">\n\t\t\t\t<div class=\"elementor-widget-container\">\n\t\t\t<h2 class=\"elementor-heading-title elementor-size-default\">DESIGN<\/h2>\t\t<\/div>\n\t\t\t\t<\/div>\n\t\t\t\t<div class=\"elementor-element elementor-element-5a8cd3d elementor-widget-mobile__width-initial elementor-widget elementor-widget-text-editor\" data-id=\"5a8cd3d\" data-element_type=\"widget\" data-widget_type=\"text-editor.default\">\n\t\t\t\t<div class=\"elementor-widget-container\">\n\t\t\t\t\t\t\t<div class=\"col_3\"><div class=\"box_content\"><div class=\"center-v-c\"><div class=\"center-v\"><div class=\"content\"><div class=\"col_3\"><div class=\"box_content\"><div class=\"center-v-c\"><div class=\"center-v\"><div class=\"content\"><div class=\"col_3\"><div class=\"box_content\"><div class=\"center-v-c\"><div class=\"center-v\"><div class=\"content\"><div class=\"col_3\"><div class=\"box_content\"><div class=\"center-v-c\"><div class=\"center-v\"><div class=\"content\"><p>Expert designers in healthcare, mastering design thinking approach, services and product design.<\/p><\/div><\/div><\/div><\/div><\/div><\/div><\/div><\/div><\/div><\/div><\/div><\/div><\/div><\/div><\/div><\/div><\/div><\/div><\/div><\/div>\t\t\t\t\t\t<\/div>\n\t\t\t\t<\/div>\n\t\t\t\t<\/div>\n\t\t<div class=\"elementor-element elementor-element-2eab30e e-con-full e-flex e-con e-parent\" data-id=\"2eab30e\" data-element_type=\"container\">\n\t\t\t\t<div class=\"elementor-element elementor-element-674c0a2 elementor-widget elementor-widget-image\" data-id=\"674c0a2\" data-element_type=\"widget\" data-widget_type=\"image.default\">\n\t\t\t\t<div class=\"elementor-widget-container\">\n\t\t\t\t\t\t\t\t\t\t\t\t\t<img loading=\"lazy\" decoding=\"async\" width=\"400\" height=\"400\" src=\"https:\/\/healthfactory.io\/wp-content\/uploads\/2023\/07\/health-digital-expertise-design.jpg\" class=\"attachment-large size-large wp-image-1164\" alt=\"\" \/>\t\t\t\t\t\t\t\t\t\t\t\t\t<\/div>\n\t\t\t\t<\/div>\n\t\t\t\t<\/div>\n\t\t<div class=\"elementor-element elementor-element-5afc282 e-con-full e-flex e-con e-parent\" data-id=\"5afc282\" data-element_type=\"container\">\n\t\t\t\t<\/div>\n\t\t\t\t\t<\/div>\n\t\t\t\t<\/div>\n\t\t<div class=\"elementor-element elementor-element-f4a7eb4 e-flex e-con-boxed e-con e-parent\" data-id=\"f4a7eb4\" data-element_type=\"container\">\n\t\t\t\t\t<div class=\"e-con-inner\">\n\t\t<div class=\"elementor-element elementor-element-665e243 e-con-full e-flex e-con e-parent\" data-id=\"665e243\" data-element_type=\"container\">\n\t\t\t\t<\/div>\n\t\t<div class=\"elementor-element elementor-element-be012c5 e-con-full e-flex e-con e-parent\" data-id=\"be012c5\" data-element_type=\"container\">\n\t\t\t\t<div class=\"elementor-element elementor-element-9be2b88 elementor-widget elementor-widget-image\" data-id=\"9be2b88\" data-element_type=\"widget\" data-widget_type=\"image.default\">\n\t\t\t\t<div class=\"elementor-widget-container\">\n\t\t\t\t\t\t\t\t\t\t\t\t\t<img loading=\"lazy\" decoding=\"async\" width=\"400\" height=\"400\" src=\"https:\/\/healthfactory.io\/wp-content\/uploads\/2023\/07\/health-digital-expertise-entrepreneurial.jpg\" class=\"attachment-large size-large wp-image-1165\" alt=\"\" srcset=\"https:\/\/healthfactory.io\/wp-content\/uploads\/2023\/07\/health-digital-expertise-entrepreneurial.jpg 400w, https:\/\/healthfactory.io\/wp-content\/uploads\/2023\/07\/health-digital-expertise-entrepreneurial-300x300.jpg 300w, https:\/\/healthfactory.io\/wp-content\/uploads\/2023\/07\/health-digital-expertise-entrepreneurial-150x150.jpg 150w, https:\/\/healthfactory.io\/wp-content\/uploads\/2023\/07\/health-digital-expertise-entrepreneurial-12x12.jpg 12w\" sizes=\"(max-width: 400px) 100vw, 400px\" \/>\t\t\t\t\t\t\t\t\t\t\t\t\t<\/div>\n\t\t\t\t<\/div>\n\t\t\t\t<\/div>\n\t\t<div class=\"elementor-element elementor-element-cc69a5d e-con-full e-flex e-con e-parent\" data-id=\"cc69a5d\" data-element_type=\"container\">\n\t\t\t\t<div class=\"elementor-element elementor-element-9ea6959 elementor-widget elementor-widget-heading\" data-id=\"9ea6959\" data-element_type=\"widget\" data-widget_type=\"heading.default\">\n\t\t\t\t<div class=\"elementor-widget-container\">\n\t\t\t<h2 class=\"elementor-heading-title elementor-size-default\">ENTREPRENEURIAL<\/h2>\t\t<\/div>\n\t\t\t\t<\/div>\n\t\t\t\t<div class=\"elementor-element elementor-element-d3134b0 elementor-widget-mobile__width-initial elementor-widget elementor-widget-text-editor\" data-id=\"d3134b0\" data-element_type=\"widget\" data-widget_type=\"text-editor.default\">\n\t\t\t\t<div class=\"elementor-widget-container\">\n\t\t\t\t\t\t\t<div class=\"col_3\"><div class=\"box_content\"><div class=\"center-v-c\"><div class=\"center-v\"><div class=\"content\"><div class=\"col_3\"><div class=\"box_content\"><div class=\"center-v-c\"><div class=\"center-v\"><div class=\"content\"><div class=\"col_3\"><div class=\"box_content\"><div class=\"center-v-c\"><div class=\"center-v\"><div class=\"content\"><div class=\"col_3\"><div class=\"box_content\"><div class=\"center-v-c\"><div class=\"center-v\"><div class=\"content\"><p>Entrepreneurs and consultants in healthcare, mastering business model development methodologies (business canvas, value proposition design, lean startup, customer development, ...) with strong experience in creating value for companies.<\/p><\/div><\/div><\/div><\/div><\/div><\/div><\/div><\/div><\/div><\/div><\/div><\/div><\/div><\/div><\/div><\/div><\/div><\/div><\/div><\/div>\t\t\t\t\t\t<\/div>\n\t\t\t\t<\/div>\n\t\t\t\t<\/div>\n\t\t\t\t\t<\/div>\n\t\t\t\t<\/div>\n\t\t\t\t<\/div>","protected":false},"excerpt":{"rendered":"<p>EXPERTISE SANT\u00c9 ET NUM\u00c9RIQUE UN R\u00c9SEAU D&rsquo;EXPERTS INTERNATIONAUX offre de services pour r\u00e9aliser et accompagner des projets innovants en sant\u00e9 avec les meilleurs experts du domaine de la sant\u00e9 et du num\u00e9rique sur le plan technique, l\u00e9gal, m\u00e9dical, entrepreneurial et design DEMANDER UNE EXPERTISE TECHNIQUE Des ing\u00e9nieurs, d\u00e9veloppeurs, hackers, makers sp\u00e9cialis\u00e9 en sant\u00e9, maitrisant les [&hellip;]<\/p>","protected":false},"author":3,"featured_media":0,"parent":0,"menu_order":0,"comment_status":"closed","ping_status":"closed","template":"elementor_header_footer","meta":{"inline_featured_image":false,"footnotes":""},"class_list":["post-1159","page","type-page","status-publish","hentry"],"_links":{"self":[{"href":"https:\/\/healthfactory.io\/en\/wp-json\/wp\/v2\/pages\/1159","targetHints":{"allow":["GET"]}}],"collection":[{"href":"https:\/\/healthfactory.io\/en\/wp-json\/wp\/v2\/pages"}],"about":[{"href":"https:\/\/healthfactory.io\/en\/wp-json\/wp\/v2\/types\/page"}],"author":[{"embeddable":true,"href":"https:\/\/healthfactory.io\/en\/wp-json\/wp\/v2\/users\/3"}],"replies":[{"embeddable":true,"href":"https:\/\/healthfactory.io\/en\/wp-json\/wp\/v2\/comments?post=1159"}],"version-history":[{"count":22,"href":"https:\/\/healthfactory.io\/en\/wp-json\/wp\/v2\/pages\/1159\/revisions"}],"predecessor-version":[{"id":1656,"href":"https:\/\/healthfactory.io\/en\/wp-json\/wp\/v2\/pages\/1159\/revisions\/1656"}],"wp:attachment":[{"href":"https:\/\/healthfactory.io\/en\/wp-json\/wp\/v2\/media?parent=1159"}],"curies":[{"name":"wp","href":"https:\/\/api.w.org\/{rel}","templated":true}]}}